{"id":3,"date":"2026-02-03T19:57:27","date_gmt":"2026-02-03T19:57:27","guid":{"rendered":"https:\/\/casberry.eu\/spordiravi\/?page_id=3"},"modified":"2026-03-15T20:59:19","modified_gmt":"2026-03-15T20:59:19","slug":"privaatsuspoliitika","status":"publish","type":"page","link":"https:\/\/casberry.eu\/spordiravi\/privaatsuspoliitika\/","title":{"rendered":"Privaatsuspoliitika"},"content":{"rendered":"<p>Viimati uuendatud: 15.03.2026<\/p>\n<p>Spordiravi.ee austab teie privaatsust ja t\u00f6\u00f6tleb isikuandmeid koosk\u00f5las kehtivate \u00f5igusaktidega, sealhulgas Euroopa Liidu isikuandmete kaitse \u00fcldm\u00e4\u00e4rusega (GDPR).<\/p>\n<h2>1. Vastutav t\u00f6\u00f6tleja<\/h2>\n<p>Isikuandmete vastutav t\u00f6\u00f6tleja on spordiravi.ee veebilehe haldaja.<\/p>\n<p>Kontaktandmed:<\/p>\n<p><strong>Mustam\u00e4e<\/strong><br \/>\nAadress: M\u00e4nniliiva tn 7, Tallinn<br \/>\nE-post: <a href=\"mailto:info@spordiravi.ee\">info@spordiravi.ee<\/a><\/p>\n<p><strong>Viimsi<\/strong><br \/>\nAadress: Karulaugu tee 13, Tallinn<br \/>\nE-post: <a href=\"mailto:info@spordiravi.ee\">info@spordiravi.ee<\/a><\/p>\n<p>Kui teil on k\u00fcsimusi seoses isikuandmete t\u00f6\u00f6tlemisega, palume v\u00f5tta meiega \u00fchendust e-posti teel.<\/p>\n<h2>2. Milliseid andmeid me kogume<\/h2>\n<p>V\u00f5ime koguda j\u00e4rgmisi isikuandmeid:<\/p>\n<ul>\n<li>nimi<\/li>\n<li>e-posti aadress<\/li>\n<li>telefoninumber<\/li>\n<li>muud andmed, mille edastate meile vabatahtlikult (n\u00e4iteks kontaktivormi v\u00f5i e-kirja kaudu)<\/li>\n<\/ul>\n<p>Samuti v\u00f5ib veebileht koguda tehnilisi andmeid, n\u00e4iteks:<\/p>\n<ul>\n<li>IP-aadress<\/li>\n<li>brauseri t\u00fc\u00fcp<\/li>\n<li>seadme info<\/li>\n<li>k\u00fclastuse aeg ja lehed, mida k\u00fclastate<\/li>\n<\/ul>\n<h2>3. Milleks me andmeid kasutame<\/h2>\n<p>Isikuandmeid v\u00f5idakse kasutada j\u00e4rgmisteks eesm\u00e4rkideks:<\/p>\n<ul>\n<li>teie p\u00e4ringutele vastamiseks<\/li>\n<li>teenuste osutamiseks ja aja broneerimisega seotud suhtluseks<\/li>\n<li>veebilehe toimimise parandamiseks<\/li>\n<li>statistika ja anal\u00fc\u00fcsi eesm\u00e4rgil<\/li>\n<\/ul>\n<h2>4. Andmete s\u00e4ilitamine<\/h2>\n<p>Isikuandmeid s\u00e4ilitatakse ainult nii kaua, kui see on vajalik nende kogumise eesm\u00e4rgi t\u00e4itmiseks v\u00f5i seadusest tulenevate kohustuste t\u00e4itmiseks.<\/p>\n<h2>5. Andmete edastamine kolmandatele osapooltele<\/h2>\n<p>Me ei m\u00fc\u00fc ega jaga teie isikuandmeid kolmandatele osapooltele, v\u00e4lja arvatud juhul kui:<\/p>\n<ul>\n<li>see on vajalik teenuse osutamiseks<\/li>\n<li>seda n\u00f5uab seadus<\/li>\n<li>olete andnud selleks n\u00f5usoleku<\/li>\n<\/ul>\n<p>Veebileht v\u00f5ib kasutada kolmandate osapoolte teenuseid, n\u00e4iteks anal\u00fc\u00fctikat v\u00f5i kaarditeenuseid, mis v\u00f5ivad t\u00f6\u00f6delda tehnilisi andmeid.<\/p>\n<h2>6. K\u00fcpsised (cookies)<\/h2>\n<p>Spordiravi.ee veebileht v\u00f5ib kasutada k\u00fcpsiseid, et parandada kasutajakogemust ja koguda anon\u00fc\u00fcmset statistikat veebilehe kasutamise kohta.<\/p>\n<p>K\u00fcpsis on v\u00e4ike tekstifail, mis salvestatakse teie seadmesse veebilehe k\u00fclastamisel.<\/p>\n<p>Teil on v\u00f5imalik oma brauseri seadetes k\u00fcpsiste kasutamist piirata v\u00f5i need kustutada.<\/p>\n<h2>7. Teie \u00f5igused<\/h2>\n<p>Teil on \u00f5igus:<\/p>\n<ul>\n<li>saada teavet oma isikuandmete t\u00f6\u00f6tlemise kohta<\/li>\n<li>taotleda oma andmete parandamist v\u00f5i kustutamist<\/li>\n<li>piirata oma andmete t\u00f6\u00f6tlemist<\/li>\n<li>esitada vastuv\u00e4iteid andmete t\u00f6\u00f6tlemisele<\/li>\n<li>esitada kaebus Andmekaitse Inspektsioonile<\/li>\n<\/ul>\n<h2>8. Privaatsuspoliitika muudatused<\/h2>\n<p>V\u00f5ime k\u00e4esolevat privaatsuspoliitikat aeg-ajalt uuendada. Soovitame lehte aeg-ajalt \u00fcle vaadata, et olla kursis v\u00f5imalike muudatustega.<\/p>\n","protected":false},"excerpt":{"rendered":"<p>Viimati uuendatud: 15.03.2026 Spordiravi.ee austab teie privaatsust ja t\u00f6\u00f6tleb isikuandmeid koosk\u00f5las kehtivate \u00f5igusaktidega, sealhulgas Euroopa Liidu isikuandmete kaitse \u00fcldm\u00e4\u00e4rusega (GDPR). 1. Vastutav t\u00f6\u00f6tleja Isikuandmete vastutav t\u00f6\u00f6tleja on spordiravi.ee veebilehe haldaja. Kontaktandmed: Mustam\u00e4e Aadress: M\u00e4nniliiva tn 7, Tallinn E-post: info@spordiravi.ee Viimsi Aadress: Karulaugu tee 13, Tallinn E-post: info@spordiravi.ee Kui teil on k\u00fcsimusi seoses isikuandmete t\u00f6\u00f6tlemisega, palume [&hellip;]<\/p>\n","protected":false},"author":1,"featured_media":0,"parent":0,"menu_order":0,"comment_status":"closed","ping_status":"open","template":"","meta":{"_acf_changed":false,"footnotes":""},"class_list":["post-3","page","type-page","status-publish","hentry"],"acf":[],"_links":{"self":[{"href":"https:\/\/casberry.eu\/spordiravi\/wp-json\/wp\/v2\/pages\/3","targetHints":{"allow":["GET"]}}],"collection":[{"href":"https:\/\/casberry.eu\/spordiravi\/wp-json\/wp\/v2\/pages"}],"about":[{"href":"https:\/\/casberry.eu\/spordiravi\/wp-json\/wp\/v2\/types\/page"}],"author":[{"embeddable":true,"href":"https:\/\/casberry.eu\/spordiravi\/wp-json\/wp\/v2\/users\/1"}],"replies":[{"embeddable":true,"href":"https:\/\/casberry.eu\/spordiravi\/wp-json\/wp\/v2\/comments?post=3"}],"version-history":[{"count":4,"href":"https:\/\/casberry.eu\/spordiravi\/wp-json\/wp\/v2\/pages\/3\/revisions"}],"predecessor-version":[{"id":222,"href":"https:\/\/casberry.eu\/spordiravi\/wp-json\/wp\/v2\/pages\/3\/revisions\/222"}],"wp:attachment":[{"href":"https:\/\/casberry.eu\/spordiravi\/wp-json\/wp\/v2\/media?parent=3"}],"curies":[{"name":"wp","href":"https:\/\/api.w.org\/{rel}","templated":true}]}}